{"id":119,"date":"2026-03-25T00:05:34","date_gmt":"2026-03-25T00:05:34","guid":{"rendered":"https:\/\/www.lacroche.cafe\/?page_id=119"},"modified":"2026-04-01T22:34:43","modified_gmt":"2026-04-01T22:34:43","slug":"menu-restaurant","status":"publish","type":"page","link":"https:\/\/www.lacroche.cafe\/index.php\/menu-restaurant\/","title":{"rendered":"Menu restaurant"},"content":{"rendered":"\n<h5 class=\"wp-block-heading\">Menu \u00ab&nbsp;La Croche&nbsp;\u00bb du 26\/03\/2026<\/h5>\n\n\n\n<h2 class=\"wp-block-heading\">les entr\u00e9es froides<\/h2>\n\n\n\n<ul class=\"wp-block-list\">\n<li>Salade\u00a0: Houria ou Mechouia ou\u00a0Tunisienne\u00a0\u2014 4 dinars<\/li>\n\n\n\n<li>Trio de salades  \u2014  5 dinars<\/li>\n\n\n\n<li>Salade C\u00e9sar  \u2014   20 dinars<\/li>\n\n\n\n<li>Salade burrata   \u2014  22 dinars<\/li>\n\n\n\n<li>Salade de poulpe (selon disponibilit\u00e9)  \u2014  20 dinars<\/li>\n<\/ul>\n\n\n\n<h2 class=\"wp-block-heading\">Les entr\u00e9es chaudes<\/h2>\n\n\n\n<ul class=\"wp-block-list\">\n<li>4 x Brik doigts de Fatma \u00e0 la viande   \u2014  5 dinars<br><em>(viande de b\u0153uf hach\u00e9e, fromage, et sauce sweet chilli)<\/em><\/li>\n\n\n\n<li>4 x Brik doigts de Fatma au thon &nbsp;  \u2014   4.5 dinars<br><em>(thon, persil, et fromage)<\/em><\/li>\n<\/ul>\n\n\n\n<h2 class=\"wp-block-heading\">Nos plats quotidiens&nbsp;:<\/h2>\n\n\n\n<ul class=\"wp-block-list\">\n<li>Escalope grill\u00e9e ou pann\u00e9&nbsp; avec garniture   \u2014   18 dinars<\/li>\n\n\n\n<li>Escalope grill\u00e9e en sauce champignon et riz   \u2014  19.8 dinars<\/li>\n\n\n\n<li>Plat de grillades mixtes   \u2014  26 dinars<br><em>Viandes (150g dinde + 150g poulet + 3 merguez), Salade, frites<\/em><\/li>\n\n\n\n<li>Poisson Dorade grill\u00e9 avec garniture au choix   \u2014   19 dinars<\/li>\n\n\n\n<li>Ojja nature   \u2014  12 dinars<\/li>\n\n\n\n<li>Ojja merguez  \u2014   14 dinars<\/li>\n\n\n\n<li>Ojja aux fruits de mer  \u2014   19 dinars<\/li>\n\n\n\n<li>Shan moqli : Plat de fritures avec accompagnement  \u2014   12 dinars<br><em>Accompagnements&nbsp;: merguez \/ sardines \/ boulettes &#8220;benedeq&#8221; \/ escalope<\/em><\/li>\n\n\n\n<li>Kafteji nature  \u2014   9 dinars<\/li>\n\n\n\n<li>Kafteji au foie&nbsp;  \u2014  14 dinars<\/li>\n\n\n\n<li>Kafteji au merguez  \u2014   14 dinars<\/li>\n\n\n\n<li>Kafteji aux boulettes  \u2014   14 dinars<\/li>\n<\/ul>\n\n\n\n<h2 class=\"wp-block-heading\">Nos suppl\u00e9ments&nbsp;:<\/h2>\n\n\n\n<ul class=\"wp-block-list\">\n<li>Frites   \u2014  3 dinars<\/li>\n\n\n\n<li>Fromage gruy\u00e8re   \u2014  4.5 dinars<\/li>\n\n\n\n<li>Fromage de Testour au persil   \u2014  3 dinars<\/li>\n\n\n\n<li>\u0152uf   \u2014  1.5 dinars<\/li>\n\n\n\n<li>Soupe   \u2014  4.5 dinars<\/li>\n<\/ul>\n\n\n\n<h2 class=\"wp-block-heading\"><br>Nos plats de semaine&nbsp;:<\/h2>\n\n\n\n<h2 class=\"wp-block-heading\">Lundi<\/h2>\n\n\n\n<ul class=\"wp-block-list\">\n<li>Kammouniya (rago\u00fbt enrichi de cumin) au poulet   \u2014  13 dinars<\/li>\n\n\n\n<li>Poulet grill\u00e9 avec riz pilaf et frites   \u2014  16 dinars<\/li>\n<\/ul>\n\n\n\n<h2 class=\"wp-block-heading\">Mardi<\/h2>\n\n\n\n<ul class=\"wp-block-list\">\n<li>Madfouna (sauce de blette traditionnelle) aux boulettes   \u2014  19 dinars<\/li>\n\n\n\n<li>Qleya (rago\u00fbt de viande \u00e9minc\u00e9e) \u00e0 la viande de b\u0153uf  \u2014   17 dinars<\/li>\n<\/ul>\n\n\n\n<h2 class=\"wp-block-heading\">Mercredi<\/h2>\n\n\n\n<ul class=\"wp-block-list\">\n<li>Nwasser (p\u00e2tes carr\u00e9es tunisiennes) \u00e0 la viande de b\u0153uf   \u2014  17 dinars<\/li>\n\n\n\n<li>Marqet jelbena (rago\u00fbt de petits pois) :\n<ul class=\"wp-block-list\">\n<li>au poulet \u2014 11 dinars<\/li>\n\n\n\n<li>\u00e0 la seiche \u00ab bel Soubya \u00bb \u2014  16 dinars<\/li>\n<\/ul>\n<\/li>\n\n\n\n<li>Penne puttanesca  \u2014   18 dinars<\/li>\n<\/ul>\n\n\n\n<h2 class=\"wp-block-heading\">Jeudi<\/h2>\n\n\n\n<ul class=\"wp-block-list\">\n<li>Riz djerbien \u00e0 la viande   \u2014  17 dinars<\/li>\n\n\n\n<li>Marqet maleh (rago\u00fbt de variante) aux boulettes   \u2014  16 dinars<\/li>\n\n\n\n<li>Mosli (confit de pomme de terre) au poulet   \u2014  13 dinars<\/li>\n<\/ul>\n\n\n\n<h2 class=\"wp-block-heading\">Vendredi<\/h2>\n\n\n\n<ul class=\"wp-block-list\">\n<li>Kabkabou (rago\u00fbt aux olives) au poisson   \u2014  19 dinars<\/li>\n\n\n\n<li>Couscous au poulet   \u2014  15 dinars<\/li>\n\n\n\n<li>Fondoq el ghalla (l\u00e9gumes au four farcis) \u00e0 la viande de boeuf hach\u00e9e   \u2014  18 dinars<\/li>\n<\/ul>\n\n\n\n<h2 class=\"wp-block-heading\">Samedi<\/h2>\n\n\n\n<ul class=\"wp-block-list\">\n<li>Chorba mfawra (P\u00e2tes Orzo \u00e9tuv\u00e9es) au poulet   \u2014  14 dinars<\/li>\n\n\n\n<li>Marqet loubiya (rago\u00fbt d\u2019haricots) aux boulette   \u2014  16 dinars<\/li>\n\n\n\n<li>Kammouniya (rago\u00fbt enrichi de cumin) \u00e0 la viande de b\u0153uf   \u2014  17 dinars<\/li>\n<\/ul>\n\n\n\n<p><\/p>\n","protected":false},"excerpt":{"rendered":"<p>Menu \u00ab&nbsp;La Croche&nbsp;\u00bb du 26\/03\/2026 les entr\u00e9es froides Les entr\u00e9es chaudes Nos plats quotidiens&nbsp;: Nos suppl\u00e9ments&nbsp;: Nos plats de semaine&nbsp;: Lundi Mardi Mercredi Jeudi Vendredi Samedi<\/p>\n","protected":false},"author":1,"featured_media":0,"parent":0,"menu_order":0,"comment_status":"closed","ping_status":"closed","template":"","meta":{"footnotes":""},"class_list":["post-119","page","type-page","status-publish","hentry"],"_links":{"self":[{"href":"https:\/\/www.lacroche.cafe\/index.php\/wp-json\/wp\/v2\/pages\/119","targetHints":{"allow":["GET"]}}],"collection":[{"href":"https:\/\/www.lacroche.cafe\/index.php\/wp-json\/wp\/v2\/pages"}],"about":[{"href":"https:\/\/www.lacroche.cafe\/index.php\/wp-json\/wp\/v2\/types\/page"}],"author":[{"embeddable":true,"href":"https:\/\/www.lacroche.cafe\/index.php\/wp-json\/wp\/v2\/users\/1"}],"replies":[{"embeddable":true,"href":"https:\/\/www.lacroche.cafe\/index.php\/wp-json\/wp\/v2\/comments?post=119"}],"version-history":[{"count":13,"href":"https:\/\/www.lacroche.cafe\/index.php\/wp-json\/wp\/v2\/pages\/119\/revisions"}],"predecessor-version":[{"id":145,"href":"https:\/\/www.lacroche.cafe\/index.php\/wp-json\/wp\/v2\/pages\/119\/revisions\/145"}],"wp:attachment":[{"href":"https:\/\/www.lacroche.cafe\/index.php\/wp-json\/wp\/v2\/media?parent=119"}],"curies":[{"name":"wp","href":"https:\/\/api.w.org\/{rel}","templated":true}]}}